{"id":4084,"date":"2020-01-12T20:11:22","date_gmt":"2020-01-12T19:11:22","guid":{"rendered":"http:\/\/pris.sk\/?post_type=product&#038;p=4084"},"modified":"2026-03-19T17:34:39","modified_gmt":"2026-03-19T16:34:39","slug":"zakruzovacka","status":"publish","type":"product","link":"https:\/\/pristools.com\/de\/produkt\/zakruzovacka\/","title":{"rendered":"Rollen-Bieger VBT-40 \u2013 NEUE GENERATION"},"content":{"rendered":"<ul>\n<li>F\u00fcr Metallprofile (inkl. Stahl) mit maximalen Abmessungen von 40 x 40mm im Querschnitt<\/li>\n<li>Nicht geeignet f\u00fcr d\u00fcnnwandige Rundprofile bei kleinen Biegeradien<\/li>\n<li>Keine Nacharbeit durch oberfl\u00e4chenschonende Nylon-Rollen (PA6G)<\/li>\n<li>Lineal f\u00fcr hohe Pr\u00e4zision und genauere Biegekraft-Dosierung<\/li>\n<li>Abnehmbarer Hebel f\u00fcr einfache Installation und schnellen Werkzeug-Einsatz<\/li>\n<li>Robustes Design<\/li>\n<li>Rollen mit Kugellager ausgestattet<\/li>\n<li>Hauptprofile aus 60 x 60mm Stahl<\/li>\n<li>F\u00fchrungswellen aus C45 Stahl, oberfl\u00e4chengeh\u00e4rtet<\/li>\n<li>Abmessungen: 330 x 270 x 265mm (B x L x H), Hebell\u00e4nge: 235mm<\/li>\n<\/ul>","protected":false},"excerpt":{"rendered":"<p><span style=\"color: #000000;\"><strong>Kostenlose Standardlieferzeit 5 Werktage. Verk\u00fcrzte Lieferzeit 3 Werktage (DE, AT, HU, PL, BE, NL, SI, HR, RO, BG).<\/strong><\/span><\/p>\n<p><span style=\"color: #000000;\"><strong>Lieferung nach Finnland und Schweden gegen eine angemessene Geb\u00fchr (Infos im Checkout).\n\nKostenlose R\u00fcckgabe innerhalb von 30 Tagen!\u00a0<\/strong><\/span><\/p>\n<p><span style=\"color: #ff0000;\">Der Rollen-Bieger ist nur dann funktionsf\u00e4hig, wenn er richtig in einen Tischschraubstock mit einer maximalen Backenbreite von 135mm eingespannt ist (siehe Anleitung) - der Schraubstock ist nicht im Lieferumfang enthalten!!!<\/span><\/p>\n<p>Die erforderliche Robustheit des Schraubstocks h\u00e4ngt von der St\u00e4rke des zu biegenden Materials ab.<\/p>\n<p>Hergestellt in der Slowakei.<\/p>\n<p>Auch bei ebay erh\u00e4ltlich: https:\/\/www.ebay.de\/itm\/167335619873<\/p>","protected":false},"featured_media":5415,"comment_status":"open","ping_status":"closed","template":"","meta":{"site-sidebar-layout":"default","site-content-layout":"default","ast-site-content-layout":"default","site-content-style":"default","site-sidebar-style":"default","ast-global-header-display":"","ast-banner-title-visibility":"","ast-main-header-display":"","ast-hfb-above-header-display":"","ast-hfb-below-header-display":"","ast-hfb-mobile-header-display":"","site-post-title":"","ast-breadcrumbs-content":"","ast-featured-img":"","footer-sml-layout":"","ast-disable-related-posts":"","theme-transparent-header-meta":"default","adv-header-id-meta":"","stick-header-meta":"","header-above-stick-meta":"","header-main-stick-meta":"","header-below-stick-meta":"","astra-migrate-meta-layouts":"set","ast-page-background-enabled":"default","ast-page-background-meta":{"desktop":{"background-color":"var(--ast-global-color-4)","background-image":"","background-repeat":"repeat","background-position":"center center","background-size":"auto","background-attachment":"scroll","background-type":"","background-media":"","overlay-type":"","overlay-color":"","overlay-opacity":"","overlay-gradient":""},"tablet":{"background-color":"","background-image":"","background-repeat":"repeat","background-position":"center center","background-size":"auto","background-attachment":"scroll","background-type":"","background-media":"","overlay-type":"","overlay-color":"","overlay-opacity":"","overlay-gradient":""},"mobile":{"background-color":"","background-image":"","background-repeat":"repeat","background-position":"center center","background-size":"auto","background-attachment":"scroll","background-type":"","background-media":"","overlay-type":"","overlay-color":"","overlay-opacity":"","overlay-gradient":""}},"ast-content-background-meta":{"desktop":{"background-color":"var(--ast-global-color-5)","background-image":"","background-repeat":"repeat","background-position":"center center","background-size":"auto","background-attachment":"scroll","background-type":"","background-media":"","overlay-type":"","overlay-color":"","overlay-opacity":"","overlay-gradient":""},"tablet":{"background-color":"var(--ast-global-color-5)","background-image":"","background-repeat":"repeat","background-position":"center center","background-size":"auto","background-attachment":"scroll","background-type":"","background-media":"","overlay-type":"","overlay-color":"","overlay-opacity":"","overlay-gradient":""},"mobile":{"background-color":"var(--ast-global-color-5)","background-image":"","background-repeat":"repeat","background-position":"center center","background-size":"auto","background-attachment":"scroll","background-type":"","background-media":"","overlay-type":"","overlay-color":"","overlay-opacity":"","overlay-gradient":""}}},"product_brand":[],"product_cat":[17],"product_tag":[175],"class_list":{"0":"post-4084","1":"product","2":"type-product","3":"status-publish","4":"has-post-thumbnail","6":"product_cat-tools","7":"product_tag-pris","8":"product_shipping_class-male","9":"desktop-align-left","10":"tablet-align-left","11":"mobile-align-left","13":"first","14":"instock","15":"taxable","16":"shipping-taxable","17":"purchasable","18":"product-type-simple"},"_links":{"self":[{"href":"https:\/\/pristools.com\/de\/wp-json\/wp\/v2\/product\/4084","targetHints":{"allow":["GET"]}}],"collection":[{"href":"https:\/\/pristools.com\/de\/wp-json\/wp\/v2\/product"}],"about":[{"href":"https:\/\/pristools.com\/de\/wp-json\/wp\/v2\/types\/product"}],"replies":[{"embeddable":true,"href":"https:\/\/pristools.com\/de\/wp-json\/wp\/v2\/comments?post=4084"}],"wp:featuredmedia":[{"embeddable":true,"href":"https:\/\/pristools.com\/de\/wp-json\/wp\/v2\/media\/5415"}],"wp:attachment":[{"href":"https:\/\/pristools.com\/de\/wp-json\/wp\/v2\/media?parent=4084"}],"wp:term":[{"taxonomy":"product_brand","embeddable":true,"href":"https:\/\/pristools.com\/de\/wp-json\/wp\/v2\/product_brand?post=4084"},{"taxonomy":"product_cat","embeddable":true,"href":"https:\/\/pristools.com\/de\/wp-json\/wp\/v2\/product_cat?post=4084"},{"taxonomy":"product_tag","embeddable":true,"href":"https:\/\/pristools.com\/de\/wp-json\/wp\/v2\/product_tag?post=4084"}],"curies":[{"name":"wp","href":"https:\/\/api.w.org\/{rel}","templated":true}]}}