{"id":20,"date":"2019-05-05T20:56:07","date_gmt":"2019-05-05T18:56:07","guid":{"rendered":"http:\/\/pris.sk\/?post_type=product&#038;p=20"},"modified":"2026-04-12T20:04:32","modified_gmt":"2026-04-12T18:04:32","slug":"duplikator","status":"publish","type":"product","link":"https:\/\/pristools.com\/de\/produkt\/duplikator\/","title":{"rendered":"Duplikator MCT-01 \u2013 NEUE GENERATION"},"content":{"rendered":"<p><span style=\"font-size: 16px;\">Mit dem Duplikator k\u00f6nnen Sie fr\u00e4sen, shneiden, gravieren und \u00e4hnliches. Sie k\u00f6nnen Kopien von 2D- und 3D-Objekten ohne Nutzung von Computer erstellen. Bei h\u00f6heren Objekten, k\u00f6nnen Sie die H\u00f6he des Arbeitsraums einfach anpassen, indem Sie den Duplikator unter den Befestigungspunkten abst\u00fctzen, z. B. mit Holzb\u00e4lken.\u00a0<\/span><\/p>\n<p>Durch zwei Schiebe- und zwei Drehachsen ist der Duplikator sehr flexibel.<\/p>\n<p>Das Gegengewicht gleicht das Gewicht der Spindel aus und somit entlastet Ihre H\u00e4nde. Dank den Linearf\u00fchrungen an jeder Achse, erzeugt das Werkzeug bei Bewegung nur minimalen Widerstand.<\/p>\n<p>Als Option k\u00f6nnen Sie Bremsen f\u00fcr beide Achsen bestellen - damit k\u00f6nnen Sie die Kontrolle \u00fcber die Werkzeugf\u00fchrung deutlich erh\u00f6hen.<\/p>","protected":false},"excerpt":{"rendered":"<p><span style=\"color: #000000;\"><strong>Standardlieferzeit 5 Werktage. Der Versand ist im Produktpreis enthalten! (DE, AT, HU, PL, BE, NL, SI, HR, RO, BG)<\/strong><\/span><\/p>\n<p><span style=\"color: #000000;\"><strong>Lieferung nach Finnland und Schweden gegen eine angemessene Geb\u00fchr (Infos im Checkout).\n\nKostenlose R\u00fcckgabe innerhalb von 30 Tagen!<\/strong><\/span><\/p>\n<p>Mit dem Duplikator k\u00f6nnen Sie fr\u00e4sen, shneiden, gravieren und \u00e4hnliches. Sie k\u00f6nnen Kopien von 2D- und 3D-Objekten ohne Nutzung von Computer erstellen.<\/p>\n<p>Der Duplikator MCT-01 wird nach Bestellung gefertigt. Er wird in einem teilweise mormontierten Zustand, ohne Spindel und ohne Arbeitsplatte geliefert. In der Standardversion wird er mit einem Spindelhalter mit 65mm Spanndurchmesser ausgestattet. Bei Interesse k\u00f6nnen wir auch ma\u00dfgefertigte Spindelhalter fertigen.<\/p>\n<p>Anwendbar nur in Kombination mit Oberfr\u00e4sen mit einer zylindrischen Einspannfl\u00e4che mit Durchmesser von 65mm - <span style=\"color: #ff0000;\">nicht in der Packung enthalten!!!<\/span> Empfohlene Oberfr\u00e4sen: Makita RT0700, RT0702 oder DRT50<\/p>\n<p>Hergestellt in der Slowakei.<\/p>\n<p>Auch bei ebay erh\u00e4ltlich: https:\/\/www.ebay.de\/itm\/166719660346<\/p>","protected":false},"featured_media":5119,"comment_status":"open","ping_status":"closed","template":"","meta":{"site-sidebar-layout":"default","site-content-layout":"default","ast-site-content-layout":"default","site-content-style":"default","site-sidebar-style":"default","ast-global-header-display":"","ast-banner-title-visibility":"","ast-main-header-display":"","ast-hfb-above-header-display":"","ast-hfb-below-header-display":"","ast-hfb-mobile-header-display":"","site-post-title":"","ast-breadcrumbs-content":"","ast-featured-img":"","footer-sml-layout":"","ast-disable-related-posts":"","theme-transparent-header-meta":"default","adv-header-id-meta":"","stick-header-meta":"","header-above-stick-meta":"","header-main-stick-meta":"","header-below-stick-meta":"","astra-migrate-meta-layouts":"set","ast-page-background-enabled":"default","ast-page-background-meta":{"desktop":{"background-color":"var(--ast-global-color-4)","background-image":"","background-repeat":"repeat","background-position":"center center","background-size":"auto","background-attachment":"scroll","background-type":"","background-media":"","overlay-type":"","overlay-color":"","overlay-opacity":"","overlay-gradient":""},"tablet":{"background-color":"","background-image":"","background-repeat":"repeat","background-position":"center center","background-size":"auto","background-attachment":"scroll","background-type":"","background-media":"","overlay-type":"","overlay-color":"","overlay-opacity":"","overlay-gradient":""},"mobile":{"background-color":"","background-image":"","background-repeat":"repeat","background-position":"center center","background-size":"auto","background-attachment":"scroll","background-type":"","background-media":"","overlay-type":"","overlay-color":"","overlay-opacity":"","overlay-gradient":""}},"ast-content-background-meta":{"desktop":{"background-color":"var(--ast-global-color-5)","background-image":"","background-repeat":"repeat","background-position":"center center","background-size":"auto","background-attachment":"scroll","background-type":"","background-media":"","overlay-type":"","overlay-color":"","overlay-opacity":"","overlay-gradient":""},"tablet":{"background-color":"var(--ast-global-color-5)","background-image":"","background-repeat":"repeat","background-position":"center center","background-size":"auto","background-attachment":"scroll","background-type":"","background-media":"","overlay-type":"","overlay-color":"","overlay-opacity":"","overlay-gradient":""},"mobile":{"background-color":"var(--ast-global-color-5)","background-image":"","background-repeat":"repeat","background-position":"center center","background-size":"auto","background-attachment":"scroll","background-type":"","background-media":"","overlay-type":"","overlay-color":"","overlay-opacity":"","overlay-gradient":""}}},"product_brand":[],"product_cat":[17],"product_tag":[175],"class_list":{"0":"post-20","1":"product","2":"type-product","3":"status-publish","4":"has-post-thumbnail","6":"product_cat-tools","7":"product_tag-pris","8":"product_shipping_class-velke","9":"desktop-align-left","10":"tablet-align-left","11":"mobile-align-left","13":"first","14":"instock","15":"taxable","16":"shipping-taxable","17":"purchasable","18":"product-type-variable"},"_links":{"self":[{"href":"https:\/\/pristools.com\/de\/wp-json\/wp\/v2\/product\/20","targetHints":{"allow":["GET"]}}],"collection":[{"href":"https:\/\/pristools.com\/de\/wp-json\/wp\/v2\/product"}],"about":[{"href":"https:\/\/pristools.com\/de\/wp-json\/wp\/v2\/types\/product"}],"replies":[{"embeddable":true,"href":"https:\/\/pristools.com\/de\/wp-json\/wp\/v2\/comments?post=20"}],"wp:featuredmedia":[{"embeddable":true,"href":"https:\/\/pristools.com\/de\/wp-json\/wp\/v2\/media\/5119"}],"wp:attachment":[{"href":"https:\/\/pristools.com\/de\/wp-json\/wp\/v2\/media?parent=20"}],"wp:term":[{"taxonomy":"product_brand","embeddable":true,"href":"https:\/\/pristools.com\/de\/wp-json\/wp\/v2\/product_brand?post=20"},{"taxonomy":"product_cat","embeddable":true,"href":"https:\/\/pristools.com\/de\/wp-json\/wp\/v2\/product_cat?post=20"},{"taxonomy":"product_tag","embeddable":true,"href":"https:\/\/pristools.com\/de\/wp-json\/wp\/v2\/product_tag?post=20"}],"curies":[{"name":"wp","href":"https:\/\/api.w.org\/{rel}","templated":true}]}}